{"id":11,"date":"2026-05-04T15:41:28","date_gmt":"2026-05-04T15:41:28","guid":{"rendered":"https:\/\/gir-madagascar.cstpro-agv.com\/index.php\/programme\/"},"modified":"2026-05-04T15:41:28","modified_gmt":"2026-05-04T15:41:28","slug":"programme","status":"publish","type":"page","link":"https:\/\/gir-madagascar.cstpro-agv.com\/index.php\/programme\/","title":{"rendered":"Programme"},"content":{"rendered":"\t\t<div class=\"cstpro-gir cstpro-gir-site\">\n\t\t\t<header class=\"cstpro-gir-header\">\n\t\t\t\t<a class=\"cstpro-gir-brand\" href=\"https:\/\/gir-madagascar.cstpro-agv.com\/index.php\/accueil\/\" aria-label=\"GIR Madagascar 2026\">\n\t\t\t\t\t<span class=\"cstpro-gir-brand-mark\">MG<\/span>\n\t\t\t\t\t<span>GIR Madagascar 2026<\/span>\n\t\t\t\t<\/a>\n\t\t\t\t<button class=\"cstpro-gir-menu-toggle\" type=\"button\" aria-expanded=\"false\" aria-controls=\"cstpro-gir-menu\">Menu<\/button>\n\t\t\t\t<nav class=\"cstpro-gir-nav\" id=\"cstpro-gir-menu\" aria-label=\"Navigation principale\">\n\t\t\t\t\t<a class=\"\" href=\"https:\/\/gir-madagascar.cstpro-agv.com\/index.php\/accueil\/\">Accueil<\/a>\n\t\t\t\t\t<a class=\"is-active\" href=\"https:\/\/gir-madagascar.cstpro-agv.com\/index.php\/programme\/\">Programme<\/a>\n\t\t\t\t\t<a href=\"https:\/\/gir-madagascar.cstpro-agv.com\/index.php\/accueil\/#tarif-conditions\">Tarif &amp; conditions<\/a>\n\t\t\t\t\t<a class=\"\" href=\"https:\/\/gir-madagascar.cstpro-agv.com\/index.php\/inscription\/\">Inscription<\/a>\n\t\t\t\t\t<a class=\"\" href=\"https:\/\/gir-madagascar.cstpro-agv.com\/index.php\/contact\/\">Contact<\/a>\n\t\t\t\t<\/nav>\n\t\t\t\t<a class=\"cstpro-gir-header-cta\" href=\"https:\/\/gir-madagascar.cstpro-agv.com\/index.php\/inscription\/\">Je demande mon inscription<\/a>\n\t\t\t<\/header>\n\t\t\t<main>\n\t\t\t\t\t\t<section class=\"cstpro-gir-page-hero\">\n\t\t\t<div class=\"cstpro-gir-container\">\n\t\t\t\t<p class=\"cstpro-gir-kicker\">Programme<\/p>\n\t\t\t\t<h1>GIR Madagascar 2026 \u2014 Sud-Ouest malgache<\/h1>\n\t\t\t\t<p class=\"cstpro-gir-lead\">Tul\u00e9ar, Madiorano, Ambatomilo &amp; Sarodrano<\/p>\n\t\t\t\t<p>Un itin\u00e9raire pens\u00e9 pour d\u00e9couvrir le Sud-Ouest malgache dans un rythme \u00e9quilibr\u00e9 : immersion culturelle, nature, lagon, villages, sites sacr\u00e9s et temps de d\u00e9tente.<\/p>\n\t\t\t<\/div>\n\t\t<\/section>\n\t\t<section class=\"cstpro-gir-section\">\n\t\t\t<div class=\"cstpro-gir-container cstpro-gir-programme-layout\">\n\t\t\t\t<div>\n\t\t\t\t\t<h2>Programme jour par jour<\/h2>\n\t\t\t\t\t<div class=\"cstpro-gir-accordion\">\n\t\t\t\t\t\t\t\t\t\t\t\t\t<details open>\n\t\t\t\t\t\t\t\t<summary><span>Jour 1 \u2014 7 novembre 2026<\/span><strong>Arriv\u00e9e \u00e0 Tul\u00e9ar \u2014 Transfert \u00e0 Madiorano<\/strong><\/summary>\n\t\t\t\t\t\t\t\t<p>\u00c0 l\u2019arriv\u00e9e \u00e0 l\u2019a\u00e9roport de Tul\u00e9ar, accueil par l\u2019\u00e9quipe locale. Transfert d\u2019environ une heure vers Madiorano, petit village c\u00f4tier nich\u00e9 au bord du canal du Mozambique. Installation \u00e0 l\u2019h\u00f4tel et premi\u00e8re immersion dans un environnement paisible, entre lagon et sable blanc.<\/p>\n\t\t\t\t\t\t\t\t\t\t\t\t\t\t\t\t\t<p class=\"cstpro-gir-night\">Nuit : La Mira de Madiorano<\/p>\n\t\t\t\t\t\t\t\t\t\t\t\t\t\t\t<\/details>\n\t\t\t\t\t\t\t\t\t\t\t\t\t<details >\n\t\t\t\t\t\t\t\t<summary><span>Jour 2 \u2014 8 novembre 2026<\/span><strong>Madiorano \u2014 Visite du village d\u2019Ambatomilo<\/strong><\/summary>\n\t\t\t\t\t\t\t\t<p>Apr\u00e8s le petit-d\u00e9jeuner, d\u00e9part vers Ambatomilo, village traditionnel Vezo. Journ\u00e9e consacr\u00e9e \u00e0 la d\u00e9couverte de la vie quotidienne des p\u00eacheurs, des techniques artisanales et de l\u2019ambiance chaleureuse qui r\u00e8gne dans ces villages encore pr\u00e9serv\u00e9s.<\/p>\n\t\t\t\t\t\t\t\t\t\t\t\t\t\t\t\t\t<p class=\"cstpro-gir-night\">Nuit : Savannah Beach<\/p>\n\t\t\t\t\t\t\t\t\t\t\t\t\t\t\t<\/details>\n\t\t\t\t\t\t\t\t\t\t\t\t\t<details >\n\t\t\t\t\t\t\t\t<summary><span>Jour 3 \u2014 9 novembre 2026<\/span><strong>Ambatomilo \u2014 Journ\u00e9e de d\u00e9tente<\/strong><\/summary>\n\t\t\t\t\t\t\t\t<p>Journ\u00e9e libre \u00e0 Ambatomilo. Farniente sur la plage, baignade dans le lagon turquoise ou activit\u00e9s nautiques en option comme la plong\u00e9e libre ou une balade en pirogue.<\/p>\n\t\t\t\t\t\t\t\t\t\t\t\t\t\t\t\t\t<p class=\"cstpro-gir-night\">Nuit : Savannah Beach<\/p>\n\t\t\t\t\t\t\t\t\t\t\t\t\t\t\t<\/details>\n\t\t\t\t\t\t\t\t\t\t\t\t\t<details >\n\t\t\t\t\t\t\t\t<summary><span>Jour 4 \u2014 10 novembre 2026<\/span><strong>Ambatomilo \u2014 Route vers Sarodrano \u2014 R\u00e9serve de Reniala<\/strong><\/summary>\n\t\t\t\t\t\t\t\t<p>Apr\u00e8s le petit-d\u00e9jeuner, d\u00e9part pour Sarodrano. En chemin, visite de la r\u00e9serve priv\u00e9e de Reniala, \u00e0 Mangily. D\u00e9couverte d\u2019une for\u00eat \u00e9pineuse typique du Sud-Ouest, peupl\u00e9e de baobabs, d\u2019oiseaux end\u00e9miques et de plantes succulentes rares. Passage symbolique du Tropique du Capricorne. Arriv\u00e9e \u00e0 Sarodrano en fin de journ\u00e9e.<\/p>\n\t\t\t\t\t\t\t\t\t\t\t\t\t\t\t\t\t<p class=\"cstpro-gir-night\">Nuit : R\u00e9sidence Eden Ecolodge<\/p>\n\t\t\t\t\t\t\t\t\t\t\t\t\t\t\t<\/details>\n\t\t\t\t\t\t\t\t\t\t\t\t\t<details >\n\t\t\t\t\t\t\t\t<summary><span>Jour 5 \u2014 11 novembre 2026<\/span><strong>Excursion \u00e0 Nosy Ve avec pique-nique<\/strong><\/summary>\n\t\t\t\t\t\t\t\t<p>Cap vers l\u2019\u00eele de Nosy Ve, situ\u00e9e en face d\u2019Anakao. Cette petite \u00eele corallienne prot\u00e9g\u00e9e est r\u00e9put\u00e9e pour sa plage immacul\u00e9e, ses oiseaux marins et ses eaux cristallines. Journ\u00e9e d\u00e9tente, baignade et pique-nique pr\u00e9par\u00e9 par l\u2019\u00e9quipe locale.<\/p>\n\t\t\t\t\t\t\t\t\t\t\t\t\t\t\t\t\t<p class=\"cstpro-gir-night\">Nuit : R\u00e9sidence Eden Ecolodge<\/p>\n\t\t\t\t\t\t\t\t\t\t\t\t\t\t\t<\/details>\n\t\t\t\t\t\t\t\t\t\t\t\t\t<details >\n\t\t\t\t\t\t\t\t<summary><span>Jour 6 \u2014 12 novembre 2026<\/span><strong>Observation des flamants roses \u2014 Village de Sarodrano<\/strong><\/summary>\n\t\t\t\t\t\t\t\t<p>Journ\u00e9e consacr\u00e9e \u00e0 l\u2019exploration des environs de Sarodrano. Observation des flamants roses \u00e0 l\u2019embouchure du fleuve Onilahy, puis balade \u00e0 pied dans le village de Sarodrano, entre mangrove, maisons traditionnelles et ambiance c\u00f4ti\u00e8re.<\/p>\n\t\t\t\t\t\t\t\t\t\t\t\t\t\t\t\t\t<p class=\"cstpro-gir-night\">Nuit : R\u00e9sidence Eden Ecolodge<\/p>\n\t\t\t\t\t\t\t\t\t\t\t\t\t\t\t<\/details>\n\t\t\t\t\t\t\t\t\t\t\t\t\t<details >\n\t\t\t\t\t\t\t\t<summary><span>Jour 7 \u2014 13 novembre 2026<\/span><strong>Sources naturelles &amp; grotte sacr\u00e9e de Sarodrano<\/strong><\/summary>\n\t\t\t\t\t\t\t\t<p>D\u00e9part en pirogue traditionnelle pour rejoindre les sources naturelles d\u2019Andoharano, nich\u00e9es dans un bras du fleuve. Baignade dans une eau douce et limpide, puis continuation vers la grotte sacr\u00e9e de Sarodrano. D\u00e9jeuner pique-nique dans ce lieu charg\u00e9 de l\u00e9gendes et de spiritualit\u00e9.<\/p>\n\t\t\t\t\t\t\t\t\t\t\t\t\t\t\t\t\t<p class=\"cstpro-gir-night\">Nuit : R\u00e9sidence Eden Ecolodge<\/p>\n\t\t\t\t\t\t\t\t\t\t\t\t\t\t\t<\/details>\n\t\t\t\t\t\t\t\t\t\t\t\t\t<details >\n\t\t\t\t\t\t\t\t<summary><span>Jour 8 \u2014 14 novembre 2026<\/span><strong>Journ\u00e9e de d\u00e9tente \u00e0 Sarodrano<\/strong><\/summary>\n\t\t\t\t\t\t\t\t<p>Derni\u00e8re journ\u00e9e libre au rythme du lagon : lecture, baignade, balade en pirogue ou simple contemplation du paysage. Un moment pour se ressourcer en pleine nature.<\/p>\n\t\t\t\t\t\t\t\t\t\t\t\t\t\t\t\t\t<p class=\"cstpro-gir-night\">Nuit : R\u00e9sidence Eden Ecolodge<\/p>\n\t\t\t\t\t\t\t\t\t\t\t\t\t\t\t<\/details>\n\t\t\t\t\t\t\t\t\t\t\t\t\t<details >\n\t\t\t\t\t\t\t\t<summary><span>Jour 9 \u2014 15 novembre 2026<\/span><strong>Transfert \u00e0 l\u2019a\u00e9roport de Tul\u00e9ar \u2014 D\u00e9part<\/strong><\/summary>\n\t\t\t\t\t\t\t\t<p>Selon l\u2019horaire du vol, transfert depuis l\u2019\u00e9colodge vers l\u2019a\u00e9roport de Tul\u00e9ar pour le vol retour vers Antananarivo ou la suite du s\u00e9jour.<\/p>\n\t\t\t\t\t\t\t\t\t\t\t\t\t\t\t<\/details>\n\t\t\t\t\t\t\t\t\t\t\t<\/div>\n\t\t\t\t<\/div>\n\t\t\t\t<aside class=\"cstpro-gir-price-panel\">\n\t\t\t\t\t<div class=\"cstpro-gir-image cstpro-gir-image-placeholder \"><span>\u00c9colodge \/ h\u00e9bergement<\/span><small>Image \u00e0 ajouter<\/small><\/div>\t\t\t\t\t<h3>Format professionnel<\/h3>\n\t\t\t\t\t<p>9 jours \/ 8 nuits pour tester un produit Sud-Ouest malgache diff\u00e9renciant, lisible et revendable.<\/p>\n\t\t\t\t\t<a class=\"cstpro-gir-button cstpro-gir-button-primary\" href=\"https:\/\/gir-madagascar.cstpro-agv.com\/index.php\/inscription\/\">Demander mon inscription<\/a>\n\t\t\t\t<\/aside>\n\t\t\t<\/div>\n\t\t<\/section>\n\t\t\t\t\t<\/main>\n\t\t\t<a class=\"cstpro-gir-sticky-cta\" href=\"https:\/\/gir-madagascar.cstpro-agv.com\/index.php\/inscription\/\">Demander mon inscription<\/a>\n\t\t\t<footer class=\"cstpro-gir-footer\">\n\t\t\t\t<div>\n\t\t\t\t\t<strong>GIR Madagascar 2026 \u2014 Tarif sp\u00e9cial agents de voyages<\/strong>\n\t\t\t\t\t<p>Organisation locale : Globatlas Elssa Ocean Indien<\/p>\n\t\t\t\t\t<p>Agence immatricul\u00e9e au Registre des op\u00e9rateurs de Voyages et de S\u00e9jours de Madagascar 114 MTA\/SG\/DGT\/DAIT\/SAT-EDBM.24<\/p>\n\t\t\t\t<\/div>\n\t\t\t\t<nav aria-label=\"Navigation pied de page\">\n\t\t\t\t\t<a href=\"https:\/\/gir-madagascar.cstpro-agv.com\/index.php\/accueil\/\">Accueil<\/a>\n\t\t\t\t\t<a href=\"https:\/\/gir-madagascar.cstpro-agv.com\/index.php\/programme\/\">Programme<\/a>\n\t\t\t\t\t<a href=\"https:\/\/gir-madagascar.cstpro-agv.com\/index.php\/accueil\/#tarif-conditions\">Tarif &amp; conditions<\/a>\n\t\t\t\t\t<a href=\"https:\/\/gir-madagascar.cstpro-agv.com\/index.php\/inscription\/\">Inscription<\/a>\n\t\t\t\t\t<a href=\"https:\/\/gir-madagascar.cstpro-agv.com\/index.php\/contact\/\">Contact<\/a>\n\t\t\t\t\t<a href=\"https:\/\/gir-madagascar.cstpro-agv.com\/mentions-legales\/\">Mentions l\u00e9gales<\/a>\n\t\t\t\t<\/nav>\n\t\t\t<\/footer>\n\t\t<\/div>\n\t\t\n","protected":false},"excerpt":{"rendered":"","protected":false},"author":0,"featured_media":0,"parent":0,"menu_order":0,"comment_status":"closed","ping_status":"closed","template":"","meta":{"footnotes":""},"class_list":["post-11","page","type-page","status-publish","hentry"],"_links":{"self":[{"href":"https:\/\/gir-madagascar.cstpro-agv.com\/index.php\/wp-json\/wp\/v2\/pages\/11","targetHints":{"allow":["GET"]}}],"collection":[{"href":"https:\/\/gir-madagascar.cstpro-agv.com\/index.php\/wp-json\/wp\/v2\/pages"}],"about":[{"href":"https:\/\/gir-madagascar.cstpro-agv.com\/index.php\/wp-json\/wp\/v2\/types\/page"}],"replies":[{"embeddable":true,"href":"https:\/\/gir-madagascar.cstpro-agv.com\/index.php\/wp-json\/wp\/v2\/comments?post=11"}],"version-history":[{"count":0,"href":"https:\/\/gir-madagascar.cstpro-agv.com\/index.php\/wp-json\/wp\/v2\/pages\/11\/revisions"}],"wp:attachment":[{"href":"https:\/\/gir-madagascar.cstpro-agv.com\/index.php\/wp-json\/wp\/v2\/media?parent=11"}],"curies":[{"name":"wp","href":"https:\/\/api.w.org\/{rel}","templated":true}]}}