{"id":12,"date":"2026-05-04T15:41:28","date_gmt":"2026-05-04T15:41:28","guid":{"rendered":"https:\/\/gir-madagascar.cstpro-agv.com\/index.php\/inscription\/"},"modified":"2026-05-04T15:41:28","modified_gmt":"2026-05-04T15:41:28","slug":"inscription","status":"publish","type":"page","link":"https:\/\/gir-madagascar.cstpro-agv.com\/index.php\/inscription\/","title":{"rendered":"Inscription"},"content":{"rendered":"\t\t<div class=\"cstpro-gir cstpro-gir-site\">\n\t\t\t<header class=\"cstpro-gir-header\">\n\t\t\t\t<a class=\"cstpro-gir-brand\" href=\"https:\/\/gir-madagascar.cstpro-agv.com\/index.php\/accueil\/\" aria-label=\"GIR Madagascar 2026\">\n\t\t\t\t\t<span class=\"cstpro-gir-brand-mark\">MG<\/span>\n\t\t\t\t\t<span>GIR Madagascar 2026<\/span>\n\t\t\t\t<\/a>\n\t\t\t\t<button class=\"cstpro-gir-menu-toggle\" type=\"button\" aria-expanded=\"false\" aria-controls=\"cstpro-gir-menu\">Menu<\/button>\n\t\t\t\t<nav class=\"cstpro-gir-nav\" id=\"cstpro-gir-menu\" aria-label=\"Navigation principale\">\n\t\t\t\t\t<a class=\"\" href=\"https:\/\/gir-madagascar.cstpro-agv.com\/index.php\/accueil\/\">Accueil<\/a>\n\t\t\t\t\t<a class=\"\" href=\"https:\/\/gir-madagascar.cstpro-agv.com\/index.php\/programme\/\">Programme<\/a>\n\t\t\t\t\t<a href=\"https:\/\/gir-madagascar.cstpro-agv.com\/index.php\/accueil\/#tarif-conditions\">Tarif &amp; conditions<\/a>\n\t\t\t\t\t<a class=\"is-active\" href=\"https:\/\/gir-madagascar.cstpro-agv.com\/index.php\/inscription\/\">Inscription<\/a>\n\t\t\t\t\t<a class=\"\" href=\"https:\/\/gir-madagascar.cstpro-agv.com\/index.php\/contact\/\">Contact<\/a>\n\t\t\t\t<\/nav>\n\t\t\t\t<a class=\"cstpro-gir-header-cta\" href=\"https:\/\/gir-madagascar.cstpro-agv.com\/index.php\/inscription\/\">Je demande mon inscription<\/a>\n\t\t\t<\/header>\n\t\t\t<main>\n\t\t\t\t\t\t<section class=\"cstpro-gir-page-hero\">\n\t\t\t<div class=\"cstpro-gir-container\">\n\t\t\t\t<p class=\"cstpro-gir-kicker\">Inscription<\/p>\n\t\t\t\t<h1>Demande d\u2019inscription au GIR Madagascar 2026<\/h1>\n\t\t\t\t<p>Merci de compl\u00e9ter ce formulaire afin de nous transmettre votre demande d\u2019inscription. Les places \u00e9tant limit\u00e9es, chaque demande sera \u00e9tudi\u00e9e afin de confirmer la disponibilit\u00e9, le profil professionnel et les conditions de participation.<\/p>\n\t\t\t<\/div>\n\t\t<\/section>\n\t\t<section class=\"cstpro-gir-section\">\n\t\t\t<div class=\"cstpro-gir-container cstpro-gir-form-layout\">\n\t\t\t\t<form class=\"cstpro-gir-form\" method=\"post\" action=\"\">\n\t\t\t\t\t<input type=\"hidden\" id=\"cstpro_gir_madagascar_nonce\" name=\"cstpro_gir_madagascar_nonce\" value=\"69951be472\" \/><input type=\"hidden\" name=\"_wp_http_referer\" value=\"\/index.php\/wp-json\/wp\/v2\/pages\/12\" \/>\t\t\t\t\t<input type=\"hidden\" name=\"cstpro_gir_madagascar_form\" value=\"1\">\n\t\t\t\t\t\n\t\t\t\t\t<div class=\"cstpro-gir-form-grid\">\n\t\t\t\t\t\t<label>Pr\u00e9nom<input type=\"text\" name=\"first_name\" value=\"\"><\/label>\n\t\t\t\t\t\t<label>Nom <span aria-hidden=\"true\">*<\/span><input type=\"text\" name=\"last_name\" value=\"\" required><\/label>\n\t\t\t\t\t\t<label>Email professionnel <span aria-hidden=\"true\">*<\/span><input type=\"email\" name=\"professional_email\" value=\"\" required><\/label>\n\t\t\t\t\t\t<label>T\u00e9l\u00e9phone<input type=\"tel\" name=\"phone\" value=\"\"><\/label>\n\t\t\t\t\t\t<label>Agence<input type=\"text\" name=\"agency\" value=\"\"><\/label>\n\t\t\t\t\t\t<label>Agence \/ entreprise <span aria-hidden=\"true\">*<\/span><input type=\"text\" name=\"company\" value=\"\" required><\/label>\n\t\t\t\t\t\t<label>Fonction<input type=\"text\" name=\"job_title\" placeholder=\"Agent de voyages, chef de produit, responsable agence...\" value=\"\"><\/label>\n\t\t\t\t\t<\/div>\n\n\t\t\t\t\t<fieldset class=\"cstpro-gir-fieldset\">\n\t\t\t\t\t\t<legend>Adresse compl\u00e8te de l\u2019agence<\/legend>\n\t\t\t\t\t\t<label>Num\u00e9ro, rue, compl\u00e9ment<textarea name=\"agency_address\" rows=\"3\"><\/textarea><\/label>\n\t\t\t\t\t\t<div class=\"cstpro-gir-form-grid cstpro-gir-form-grid-three\">\n\t\t\t\t\t\t\t<label>Code postal<input type=\"text\" name=\"postal_code\" value=\"\"><\/label>\n\t\t\t\t\t\t\t<label>Ville<input type=\"text\" name=\"city\" value=\"\"><\/label>\n\t\t\t\t\t\t\t<label>Pays<input type=\"text\" name=\"country\" value=\"France\"><\/label>\n\t\t\t\t\t\t<\/div>\n\t\t\t\t\t<\/fieldset>\n\n\t\t\t\t\t<label>Profil professionnel\n\t\t\t\t\t\t<input type=\"text\" name=\"professional_profile\" list=\"cstpro-gir-profile-options\" placeholder=\"Agent de voyages, chef de produit...\" value=\"\">\n\t\t\t\t\t\t<datalist id=\"cstpro-gir-profile-options\">\n\t\t\t\t\t\t\t<option value=\"Agent de voyages\"><option value=\"Chef de produit\"><option value=\"Responsable agence\"><option value=\"Mandataire\"><option value=\"Tour-op\u00e9rateur\"><option value=\"Producteur\"><option value=\"Conseiller voyage\"><option value=\"Autre professionnel du tourisme\">\n\t\t\t\t\t\t<\/datalist>\n\t\t\t\t\t<\/label>\n\n\t\t\t\t\t<label>Message<textarea name=\"message\" rows=\"5\"><\/textarea><\/label>\n\n\t\t\t\t\t<div class=\"cstpro-gir-consents\">\n\t\t\t\t\t\t<label><input type=\"checkbox\" name=\"consent_not_confirmation\" value=\"1\" required > Je comprends que cette demande ne vaut pas confirmation d\u00e9finitive d\u2019inscription.<\/label>\n\t\t\t\t\t\t<label><input type=\"checkbox\" name=\"consent_conditions\" value=\"1\" required > Je comprends que le tarif sp\u00e9cial est soumis \u00e0 disponibilit\u00e9, validation du profil professionnel et confirmation du groupe.<\/label>\n\t\t\t\t\t\t<label><input type=\"checkbox\" name=\"consent_contact\" value=\"1\" required > J\u2019accepte d\u2019\u00eatre recontact\u00e9 au sujet de cette demande d\u2019inscription.<\/label>\n\t\t\t\t\t<\/div>\n\t\t\t\t\t<button class=\"cstpro-gir-button cstpro-gir-button-primary\" type=\"submit\">Envoyer ma demande d\u2019inscription<\/button>\n\t\t\t\t<\/form>\n\t\t\t\t<aside class=\"cstpro-gir-price-panel\">\n\t\t\t\t\t<p>Tarif sp\u00e9cial agents de voyages<\/p>\n\t\t\t\t\t<strong>850 \u20ac<\/strong>\n\t\t\t\t\t<span>par personne \u00b7 Base 6 participants<\/span>\n\t\t\t\t\t<p>Demande \u00e9tudi\u00e9e selon les disponibilit\u00e9s, le profil professionnel et la confirmation du groupe.<\/p>\n\t\t\t\t<\/aside>\n\t\t\t<\/div>\n\t\t<\/section>\n\t\t\t\t\t<\/main>\n\t\t\t<a class=\"cstpro-gir-sticky-cta\" href=\"https:\/\/gir-madagascar.cstpro-agv.com\/index.php\/inscription\/\">Demander mon inscription<\/a>\n\t\t\t<footer class=\"cstpro-gir-footer\">\n\t\t\t\t<div>\n\t\t\t\t\t<strong>GIR Madagascar 2026 \u2014 Tarif sp\u00e9cial agents de voyages<\/strong>\n\t\t\t\t\t<p>Organisation locale : Globatlas Elssa Ocean Indien<\/p>\n\t\t\t\t\t<p>Agence immatricul\u00e9e au Registre des op\u00e9rateurs de Voyages et de S\u00e9jours de Madagascar 114 MTA\/SG\/DGT\/DAIT\/SAT-EDBM.24<\/p>\n\t\t\t\t<\/div>\n\t\t\t\t<nav aria-label=\"Navigation pied de page\">\n\t\t\t\t\t<a href=\"https:\/\/gir-madagascar.cstpro-agv.com\/index.php\/accueil\/\">Accueil<\/a>\n\t\t\t\t\t<a href=\"https:\/\/gir-madagascar.cstpro-agv.com\/index.php\/programme\/\">Programme<\/a>\n\t\t\t\t\t<a href=\"https:\/\/gir-madagascar.cstpro-agv.com\/index.php\/accueil\/#tarif-conditions\">Tarif &amp; conditions<\/a>\n\t\t\t\t\t<a href=\"https:\/\/gir-madagascar.cstpro-agv.com\/index.php\/inscription\/\">Inscription<\/a>\n\t\t\t\t\t<a href=\"https:\/\/gir-madagascar.cstpro-agv.com\/index.php\/contact\/\">Contact<\/a>\n\t\t\t\t\t<a href=\"https:\/\/gir-madagascar.cstpro-agv.com\/mentions-legales\/\">Mentions l\u00e9gales<\/a>\n\t\t\t\t<\/nav>\n\t\t\t<\/footer>\n\t\t<\/div>\n\t\t\n","protected":false},"excerpt":{"rendered":"","protected":false},"author":0,"featured_media":0,"parent":0,"menu_order":0,"comment_status":"closed","ping_status":"closed","template":"","meta":{"footnotes":""},"class_list":["post-12","page","type-page","status-publish","hentry"],"_links":{"self":[{"href":"https:\/\/gir-madagascar.cstpro-agv.com\/index.php\/wp-json\/wp\/v2\/pages\/12","targetHints":{"allow":["GET"]}}],"collection":[{"href":"https:\/\/gir-madagascar.cstpro-agv.com\/index.php\/wp-json\/wp\/v2\/pages"}],"about":[{"href":"https:\/\/gir-madagascar.cstpro-agv.com\/index.php\/wp-json\/wp\/v2\/types\/page"}],"replies":[{"embeddable":true,"href":"https:\/\/gir-madagascar.cstpro-agv.com\/index.php\/wp-json\/wp\/v2\/comments?post=12"}],"version-history":[{"count":0,"href":"https:\/\/gir-madagascar.cstpro-agv.com\/index.php\/wp-json\/wp\/v2\/pages\/12\/revisions"}],"wp:attachment":[{"href":"https:\/\/gir-madagascar.cstpro-agv.com\/index.php\/wp-json\/wp\/v2\/media?parent=12"}],"curies":[{"name":"wp","href":"https:\/\/api.w.org\/{rel}","templated":true}]}}